{"id":15,"date":"2022-11-21T12:55:15","date_gmt":"2022-11-21T11:55:15","guid":{"rendered":"https:\/\/airgroup.sk\/sk\/?page_id=15"},"modified":"2023-11-29T12:44:43","modified_gmt":"2023-11-29T11:44:43","slug":"transfery","status":"publish","type":"page","link":"https:\/\/airgroup.sk\/sk\/transfery\/","title":{"rendered":"Transfery"},"content":{"rendered":"<h1>Transfery<\/h1>\n<div>S dovolenkou a letenkami to nekon\u010d\u00ed.<br \/>Pom\u00f4\u017eeme v\u00e1m s presunom medzi letiskom a va\u0161\u00edm domom.<br \/> Pohodlne a bezpe\u010dne.<\/div>\n<p><img decoding=\"async\" src=\"\/sk\/wp-content\/uploads\/2023\/10\/airgroup-transfer_02.jpg\" alt=\"\"><\/p>\n<h3>Pom\u00f4\u017eeme v\u00e1m aj s cestou na letisko<\/h3>\n<p><img decoding=\"async\" src=\"\/sk\/wp-content\/uploads\/2023\/11\/airgroup_map.svg\" alt=\"\"><\/p>\n<h1>Sme tu pre V\u00e1s<\/h1>\n<div>V\u010faka na\u0161im slu\u017eb\u00e1m sa m\u00f4\u017eete s\u00fastredi\u0165 na to, \u010do je pre v\u00e1s skuto\u010dne d\u00f4le\u017eit\u00e9 \u2013 va\u0161e pohodlie. Ostatn\u00e9 starosti a detaily nechajte na na\u0161u starostlivos\u0165.<\/div>\n<p><!--more--><br \/>\n<!-- {\"type\":\"layout\",\"children\":[{\"type\":\"section\",\"props\":{\"animation\":\"slide-bottom-small\",\"header_transparent\":\"dark\",\"header_transparent_noplaceholder\":true,\"image_position\":\"bottom-center\",\"image_size\":\"cover\",\"padding\":\"xlarge\",\"padding_remove_bottom\":true,\"style\":\"default\",\"title_breakpoint\":\"xl\",\"title_position\":\"top-left\",\"title_rotation\":\"left\",\"vertical_align\":\"middle\",\"width\":\"default\"},\"children\":[{\"type\":\"row\",\"children\":[{\"type\":\"column\",\"props\":{\"image_position\":\"center-center\",\"position_sticky_breakpoint\":\"m\"},\"children\":[{\"type\":\"headline\",\"props\":{\"content\":\"Transfery\",\"margin\":\"small\",\"text_align\":\"center\",\"title_color\":\"background\",\"title_element\":\"h1\",\"title_style\":\"heading-xlarge\"}},{\"type\":\"text\",\"props\":{\"block_align\":\"center\",\"column_breakpoint\":\"m\",\"content\":\"S dovolenkou a letenkami to nekon\\u010d\\u00ed.<br \/>Pom\\u00f4\\u017eeme v\\u00e1m s presunom medzi letiskom a va\\u0161\\u00edm domom.<br \/> Pohodlne a bezpe\\u010dne.\",\"margin\":\"\",\"maxwidth\":\"2xlarge\",\"text_align\":\"center\",\"text_style\":\"large\"}},{\"type\":\"image\",\"props\":{\"animation\":\"parallax\",\"css\":\".el-element { will-change: transform; }\",\"image\":\"wp-content\\\/uploads\\\/2023\\\/10\\\/airgroup-transfer_02.jpg\",\"image_box_decoration\":\"primary\",\"image_loading\":true,\"image_svg_color\":\"emphasis\",\"image_width\":\"1200\",\"margin\":\"xlarge\",\"margin_remove_bottom\":true,\"parallax_easing\":\"0.5\",\"parallax_scale\":\"1,1.2\",\"parallax_start\":\"100%\",\"position\":\"relative\",\"position_z_index\":\"0\"}}]}]}],\"name\":\"Hero\"},{\"type\":\"section\",\"props\":{\"image\":\"wp-content\\\/uploads\\\/2022\\\/11\\\/airgroup_logo_2-04.svg\",\"image_focal_point\":\"bottom-right\",\"image_height\":\"700\",\"image_loading\":true,\"image_position\":\"bottom-right\",\"padding\":\"xlarge\",\"padding_remove_bottom\":false,\"padding_remove_top\":false,\"style\":\"default\",\"title_breakpoint\":\"xl\",\"title_position\":\"top-left\",\"title_rotation\":\"left\",\"vertical_align\":\"middle\",\"width\":\"small\"},\"children\":[{\"type\":\"row\",\"children\":[{\"type\":\"column\",\"props\":{\"image_position\":\"center-center\",\"position_sticky_breakpoint\":\"m\"},\"children\":[{\"type\":\"headline\",\"props\":{\"content\":\"Pom\\u00f4\\u017eeme v\\u00e1m aj s cestou na letisko\",\"text_align\":\"center\",\"title_element\":\"h3\",\"title_style\":\"h1\"}},{\"type\":\"image\",\"props\":{\"image\":\"wp-content\\\/uploads\\\/2023\\\/11\\\/airgroup_map.svg\",\"image_svg_color\":\"emphasis\",\"image_width\":\"100%\",\"margin\":\"default\",\"text_align\":\"center\"}}]}]}],\"name\":\"How It Works\"},{\"type\":\"section\",\"props\":{\"height\":\"expand\",\"image\":\"wp-content\\\/uploads\\\/2023\\\/10\\\/airgroup-transfer_01.png\",\"image_position\":\"center-left\",\"image_size\":\"height-1-1\",\"media_visibility\":\"m\",\"padding\":\"xlarge\",\"padding_remove_bottom\":false,\"padding_remove_top\":false,\"style\":\"primary\",\"title_breakpoint\":\"xl\",\"title_position\":\"top-left\",\"title_rotation\":\"left\",\"vertical_align\":\"middle\",\"width\":\"\"},\"children\":[{\"type\":\"row\",\"props\":{\"column_gap\":\"small\",\"layout\":\"3-5,2-5\",\"match\":true,\"row_gap\":\"small\",\"width\":\"default\"},\"children\":[{\"type\":\"column\",\"props\":{\"image_position\":\"center-center\",\"position_sticky_breakpoint\":\"m\",\"width_medium\":\"3-5\"}},{\"type\":\"column\",\"props\":{\"image_position\":\"center-center\",\"position_sticky_breakpoint\":\"m\",\"width_medium\":\"2-5\"},\"children\":[{\"type\":\"headline\",\"props\":{\"content\":\"Sme tu pre V\\u00e1s\",\"title_element\":\"h1\"}},{\"type\":\"text\",\"props\":{\"column_breakpoint\":\"m\",\"content\":\"V\\u010faka na\\u0161im slu\\u017eb\\u00e1m sa m\\u00f4\\u017eete s\\u00fastredi\\u0165 na to, \\u010do je pre v\\u00e1s skuto\\u010dne d\\u00f4le\\u017eit\\u00e9 \\u2013 va\\u0161e pohodlie. Ostatn\\u00e9 starosti a detaily nechajte na na\\u0161u starostlivos\\u0165.\",\"margin\":\"default\"}}]}]}],\"name\":\"Features\"}],\"version\":\"4.1.5\",\"yooessentialsVersion\":\"2.0.19\"} --><\/p>\n","protected":false},"excerpt":{"rendered":"<p>Transfery S dovolenkou a letenkami to nekon\u010d\u00ed.Pom\u00f4\u017eeme v\u00e1m s presunom medzi letiskom a va\u0161\u00edm domom. Pohodlne a bezpe\u010dne. Pom\u00f4\u017eeme v\u00e1m aj s cestou na letisko Sme tu pre V\u00e1s V\u010faka na\u0161im slu\u017eb\u00e1m sa m\u00f4\u017eete s\u00fastredi\u0165 na to, \u010do je pre v\u00e1s skuto\u010dne d\u00f4le\u017eit\u00e9 \u2013 va\u0161e pohodlie. Ostatn\u00e9 starosti a detaily nechajte na na\u0161u starostlivos\u0165.<\/p>\n","protected":false},"author":1,"featured_media":0,"parent":0,"menu_order":0,"comment_status":"closed","ping_status":"closed","template":"","meta":{"footnotes":""},"class_list":["post-15","page","type-page","status-publish","hentry"],"_links":{"self":[{"href":"https:\/\/airgroup.sk\/sk\/wp-json\/wp\/v2\/pages\/15","targetHints":{"allow":["GET"]}}],"collection":[{"href":"https:\/\/airgroup.sk\/sk\/wp-json\/wp\/v2\/pages"}],"about":[{"href":"https:\/\/airgroup.sk\/sk\/wp-json\/wp\/v2\/types\/page"}],"author":[{"embeddable":true,"href":"https:\/\/airgroup.sk\/sk\/wp-json\/wp\/v2\/users\/1"}],"replies":[{"embeddable":true,"href":"https:\/\/airgroup.sk\/sk\/wp-json\/wp\/v2\/comments?post=15"}],"version-history":[{"count":10,"href":"https:\/\/airgroup.sk\/sk\/wp-json\/wp\/v2\/pages\/15\/revisions"}],"predecessor-version":[{"id":453,"href":"https:\/\/airgroup.sk\/sk\/wp-json\/wp\/v2\/pages\/15\/revisions\/453"}],"wp:attachment":[{"href":"https:\/\/airgroup.sk\/sk\/wp-json\/wp\/v2\/media?parent=15"}],"curies":[{"name":"wp","href":"https:\/\/api.w.org\/{rel}","templated":true}]}}