{"id":11,"date":"2022-11-21T12:54:41","date_gmt":"2022-11-21T11:54:41","guid":{"rendered":"https:\/\/airgroup.sk\/sk\/?page_id=11"},"modified":"2023-10-26T12:43:25","modified_gmt":"2023-10-26T10:43:25","slug":"letenky","status":"publish","type":"page","link":"https:\/\/airgroup.sk\/sk\/letenky\/","title":{"rendered":"Letenky"},"content":{"rendered":"<h1>Letenky<\/h1>\n<div>\n<p>Bez oh\u013eadu na to, \u010di cestujete za pr\u00e1cou, dovolenkou alebo len tak,<br \/>radi v\u00e1m pom\u00f4\u017eeme n\u00e1js\u0165 ide\u00e1lny letov\u00fd pl\u00e1n.<\/p>\n<\/div>\n<p><img decoding=\"async\" src=\"\/sk\/wp-content\/uploads\/2022\/12\/airplane-on-the-track-at-sunset-time-2021-09-01-10-37-12-utc-scaled.jpg\" alt=\"\"><\/p>\n<h2>3 jednoduch\u00e9 kroky <br class=\"uk-visible@s\">k va\u0161im letenk\u00e1m<\/h2>\n<ul>\n<li>\n<p>        <img decoding=\"async\" src=\"\/sk\/wp-content\/uploads\/icon-join.svg\" alt=\"\"><\/p>\n<div>1. krok<\/div>\n<p>Ozvite sa n\u00e1m<\/p>\n<div>Za\u010d\u00edname t\u00fdm, \u017ee si starostlivo vypo\u010dujeme va\u0161e po\u017eiadavky a priania. Chceme vedie\u0165, kedy chcete cestova\u0165, kam chcete \u00eds\u0165 a ak\u00fd typ letu preferujete.<\/div>\n<p><a href=\"#\"><\/a><\/p>\n<\/li>\n<li>\n<p>        <img decoding=\"async\" src=\"\/sk\/wp-content\/uploads\/icon-download.svg\" alt=\"\"><\/p>\n<div>2. krok<\/div>\n<p>Na\u0161e \u010darovanie<\/p>\n<div>Na\u0161i odborn\u00edci pou\u017eij\u00fa svoje znalosti a techniky h\u013eadania na n\u00e1jdenie najlep\u0161\u00edch mo\u017en\u00fdch letov. H\u013ead\u00e1me optim\u00e1lnu kombin\u00e1ciu spolo\u010dnost\u00ed, tr\u00e1s a ceny.<\/div>\n<p><a href=\"#\"><\/a><\/p>\n<\/li>\n<li>\n<p>        <img decoding=\"async\" src=\"\/sk\/wp-content\/uploads\/icon-video-calls.svg\" alt=\"\"><\/p>\n<div>3. krok<\/div>\n<p>Konzult\u00e1cia<\/p>\n<div>Predstav\u00edme v\u00e1m na\u0161e n\u00e1vrhy a diskutujeme o r\u00f4znych mo\u017enostiach. Sme tu, aby sme v\u00e1m pomohli n\u00e1js\u0165 letov\u00fd pl\u00e1n, ktor\u00fd maxim\u00e1lne sp\u013a\u0148a va\u0161e o\u010dak\u00e1vania.<\/div>\n<p><a href=\"#\"><\/a><\/p>\n<\/li>\n<\/ul>\n<h2>V\u00fdhodn\u00e9 letenky<\/h2>\n<h3>od v\u0161etk\u00fdch v\u00fdznamn\u00fdch leteck\u00fdch spolo\u010dnost\u00ed.<\/h3>\n<ul>\n<li>\n<p>        <img decoding=\"async\" src=\"\/sk\/wp-content\/uploads\/2022\/12\/airlines_lufthansa.png\" alt=\"\"><\/p>\n<h3>airlines_lufthansa<\/h3>\n<\/li>\n<li>\n<p>        <img decoding=\"async\" src=\"\/sk\/wp-content\/uploads\/2022\/12\/airlines_turkish.png\" alt=\"\"><\/p>\n<h3>airlines_turkish<\/h3>\n<\/li>\n<li>\n<p>        <img decoding=\"async\" src=\"\/sk\/wp-content\/uploads\/2022\/12\/airlines_qatar.png\" alt=\"\"><\/p>\n<h3>airlines_qatar<\/h3>\n<\/li>\n<li>\n<p>        <img decoding=\"async\" src=\"\/sk\/wp-content\/uploads\/2022\/12\/airlines_emirates.png\" alt=\"\"><\/p>\n<h3>airlines_emirates<\/h3>\n<\/li>\n<li>\n<p>        <img decoding=\"async\" src=\"\/sk\/wp-content\/uploads\/2022\/12\/airlines_united.png\" alt=\"\"><\/p>\n<h3>airlines_united<\/h3>\n<\/li>\n<li>\n<p>        <img decoding=\"async\" src=\"\/sk\/wp-content\/uploads\/2022\/12\/airlines_austrian.png\" alt=\"\"><\/p>\n<h3>airlines_austrian<\/h3>\n<\/li>\n<li>\n<p>        <img decoding=\"async\" src=\"\/sk\/wp-content\/uploads\/2022\/12\/airlines_qantas.png\" alt=\"\"><\/p>\n<h3>airlines_qantas<\/h3>\n<\/li>\n<li>\n<p>        <img decoding=\"async\" src=\"\/sk\/wp-content\/uploads\/2022\/12\/airlines_american.png\" alt=\"\"><\/p>\n<h3>airlines_american<\/h3>\n<\/li>\n<li>\n<p>        <img decoding=\"async\" src=\"\/sk\/wp-content\/uploads\/2022\/12\/airlines_france.png\" alt=\"\"><\/p>\n<h3>airlines_france<\/h3>\n<\/li>\n<li>\n<p>        <img decoding=\"async\" src=\"\/sk\/wp-content\/uploads\/2022\/12\/airlines_delta.png\" alt=\"\"><\/p>\n<h3>airlines_delta<\/h3>\n<\/li>\n<li>\n<p>        <img decoding=\"async\" src=\"\/sk\/wp-content\/uploads\/2022\/12\/airlines_swiss.png\" alt=\"\"><\/p>\n<h3>airlines_swiss<\/h3>\n<\/li>\n<li>\n<p>        <img decoding=\"async\" src=\"\/sk\/wp-content\/uploads\/2022\/12\/airlines_etihad.png\" alt=\"\"><\/p>\n<h3>airlines_etihad<\/h3>\n<\/li>\n<li>\n<p>        <img decoding=\"async\" src=\"\/sk\/wp-content\/uploads\/2022\/12\/airlines_eva.png\" alt=\"\"><\/p>\n<h3>airlines_eva<\/h3>\n<\/li>\n<li>\n<p>        <img decoding=\"async\" src=\"\/sk\/wp-content\/uploads\/2022\/12\/airlines_tap.png\" alt=\"\"><\/p>\n<h3>airlines_tap<\/h3>\n<\/li>\n<li>\n<p>        <img decoding=\"async\" src=\"\/sk\/wp-content\/uploads\/2022\/12\/airlines_canada.png\" alt=\"\"><\/p>\n<h3>airlines_canada<\/h3>\n<\/li>\n<li>\n<p>        <img decoding=\"async\" src=\"\/sk\/wp-content\/uploads\/2022\/12\/airlines_malta.png\" alt=\"\"><\/p>\n<h3>airlines_malta<\/h3>\n<\/li>\n<li>\n<p>        <img decoding=\"async\" src=\"\/sk\/wp-content\/uploads\/2022\/12\/airlines_airchina.png\" alt=\"\"><\/p>\n<h3>airlines_airchina<\/h3>\n<\/li>\n<li>\n<p>        <img decoding=\"async\" src=\"\/sk\/wp-content\/uploads\/2022\/12\/airlines_newzeland.png\" alt=\"\"><\/p>\n<h3>airlines_newzeland<\/h3>\n<\/li>\n<li>\n<p>        <img decoding=\"async\" src=\"\/sk\/wp-content\/uploads\/2022\/12\/airlines_airasia.png\" alt=\"\"><\/p>\n<h3>airlines_airasia<\/h3>\n<\/li>\n<li>\n<p>        <img decoding=\"async\" src=\"\/sk\/wp-content\/uploads\/2022\/12\/airlines_alitalia.png\" alt=\"\"><\/p>\n<h3>airlines_alitalia<\/h3>\n<\/li>\n<li>\n<p>        <img decoding=\"async\" src=\"\/sk\/wp-content\/uploads\/2022\/12\/airlines_british.png\" alt=\"\"><\/p>\n<h3>airlines_british<\/h3>\n<\/li>\n<li>\n<p>        <img decoding=\"async\" src=\"\/sk\/wp-content\/uploads\/2022\/12\/airlines_ryanair.png\" alt=\"\"><\/p>\n<h3>airlines_ryanair<\/h3>\n<\/li>\n<li>\n<p>        <img decoding=\"async\" src=\"\/sk\/wp-content\/uploads\/2022\/12\/airlines_china.png\" alt=\"\"><\/p>\n<h3>airlines_china<\/h3>\n<\/li>\n<li>\n<p>        <img decoding=\"async\" src=\"\/sk\/wp-content\/uploads\/2022\/12\/airlines_brussels.png\" alt=\"\"><\/p>\n<h3>airlines_brussels<\/h3>\n<\/li>\n<li>\n<p>        <img decoding=\"async\" src=\"\/sk\/wp-content\/uploads\/2022\/12\/airlines_wizz.png\" alt=\"\"><\/p>\n<h3>airlines_wizz<\/h3>\n<\/li>\n<li>\n<p>        <img decoding=\"async\" src=\"\/sk\/wp-content\/uploads\/2022\/12\/airlines_china2.png\" alt=\"\"><\/p>\n<h3>airlines_china2<\/h3>\n<\/li>\n<li>\n<p>        <img decoding=\"async\" src=\"\/sk\/wp-content\/uploads\/2022\/12\/airlines_czech.png\" alt=\"\"><\/p>\n<h3>airlines_czech<\/h3>\n<\/li>\n<li>\n<p>        <img decoding=\"async\" src=\"\/sk\/wp-content\/uploads\/2022\/12\/airlines_easyjet.png\" alt=\"\"><\/p>\n<h3>airlines_easyjet<\/h3>\n<\/li>\n<li>\n<p>        <img decoding=\"async\" src=\"\/sk\/wp-content\/uploads\/2022\/12\/airlines_eurowings.png\" alt=\"\"><\/p>\n<h3>airlines_eurowings<\/h3>\n<\/li>\n<li>\n<p>        <img decoding=\"async\" src=\"\/sk\/wp-content\/uploads\/2022\/12\/airlines_aeroflot.png\" alt=\"\"><\/p>\n<h3>airlines_aeroflot<\/h3>\n<\/li>\n<li>\n<p>        <img decoding=\"async\" src=\"\/sk\/wp-content\/uploads\/2022\/12\/airlines_finnair.png\" alt=\"\"><\/p>\n<h3>airlines_finnair<\/h3>\n<\/li>\n<li>\n<p>        <img decoding=\"async\" src=\"\/sk\/wp-content\/uploads\/2022\/12\/airlines_iberia.png\" alt=\"\"><\/p>\n<h3>airlines_iberia<\/h3>\n<\/li>\n<li>\n<p>        <img decoding=\"async\" src=\"\/sk\/wp-content\/uploads\/2022\/12\/airlines_hawaiian.png\" alt=\"\"><\/p>\n<h3>airlines_hawaiian<\/h3>\n<\/li>\n<li>\n<p>        <img decoding=\"async\" src=\"\/sk\/wp-content\/uploads\/2022\/12\/airlines_japan.png\" alt=\"\"><\/p>\n<h3>airlines_japan<\/h3>\n<\/li>\n<li>\n<p>        <img decoding=\"async\" src=\"\/sk\/wp-content\/uploads\/2022\/12\/airlines_icelandair.png\" alt=\"\"><\/p>\n<h3>airlines_icelandair<\/h3>\n<\/li>\n<li>\n<p>        <img decoding=\"async\" src=\"\/sk\/wp-content\/uploads\/2022\/12\/airlines_lauda.png\" alt=\"\"><\/p>\n<h3>airlines_lauda<\/h3>\n<\/li>\n<li>\n<p>        <img decoding=\"async\" src=\"\/sk\/wp-content\/uploads\/2022\/12\/airlines_klm.png\" alt=\"\"><\/p>\n<h3>airlines_klm<\/h3>\n<\/li>\n<li>\n<p>        <img decoding=\"async\" src=\"\/sk\/wp-content\/uploads\/2022\/12\/airlines_korean.png\" alt=\"\"><\/p>\n<h3>airlines_korean<\/h3>\n<\/li>\n<li>\n<p>        <img decoding=\"async\" src=\"\/sk\/wp-content\/uploads\/2022\/12\/airlines_alaska.png\" alt=\"\"><\/p>\n<h3>airlines_alaska<\/h3>\n<\/li>\n<li>\n<p>        <img decoding=\"async\" src=\"\/sk\/wp-content\/uploads\/2022\/12\/airlines_vueling.png\" alt=\"\"><\/p>\n<h3>airlines_vueling<\/h3>\n<\/li>\n<li>\n<p>        <img decoding=\"async\" src=\"\/sk\/wp-content\/uploads\/2022\/12\/airlines_lot.png\" alt=\"\"><\/p>\n<h3>airlines_lot<\/h3>\n<\/li>\n<li>\n<p>        <img decoding=\"async\" src=\"\/sk\/wp-content\/uploads\/2022\/12\/airlines_malaysia.png\" alt=\"\"><\/p>\n<h3>airlines_malaysia<\/h3>\n<\/li>\n<li>\n<p>        <img decoding=\"async\" src=\"\/sk\/wp-content\/uploads\/2022\/12\/airlines_norwegian.png\" alt=\"\"><\/p>\n<h3>airlines_norwegian<\/h3>\n<\/li>\n<li>\n<p>        <img decoding=\"async\" src=\"\/sk\/wp-content\/uploads\/2022\/12\/airlines_southwest.png\" alt=\"\"><\/p>\n<h3>airlines_southwest<\/h3>\n<\/li>\n<li>\n<p>        <img decoding=\"async\" src=\"\/sk\/wp-content\/uploads\/2022\/12\/airlines_singapore.png\" alt=\"\"><\/p>\n<h3>airlines_singapore<\/h3>\n<\/li>\n<\/ul>\n<h1>Sme tu pre V\u00e1s<\/h1>\n<div>Zabudnite na stresuj\u00face h\u013eadanie letov a nekone\u010dn\u00e9 porovn\u00e1vanie mo\u017enost\u00ed. D\u00f4verte na\u0161im odborn\u00edkom a u\u017eite si pohodln\u00fa a hladk\u00fa cestu. Kontaktujte n\u00e1s dnes a dajte n\u00e1m vedie\u0165, ak\u00fd je v\u00e1\u0161 ide\u00e1lny letov\u00fd pl\u00e1n. Va\u0161e cestovanie by malo by\u0165 rados\u0165ou, a my sme tu preto, aby sme v\u00e1m to umo\u017enili.<\/div>\n<p><!--more--><br \/>\n<!-- {\"type\":\"layout\",\"children\":[{\"type\":\"section\",\"props\":{\"animation\":\"slide-bottom-small\",\"header_transparent\":\"dark\",\"header_transparent_noplaceholder\":true,\"image_position\":\"bottom-center\",\"image_size\":\"cover\",\"padding\":\"xlarge\",\"padding_remove_bottom\":true,\"style\":\"default\",\"title_breakpoint\":\"xl\",\"title_position\":\"top-left\",\"title_rotation\":\"left\",\"vertical_align\":\"middle\",\"width\":\"default\"},\"children\":[{\"type\":\"row\",\"children\":[{\"type\":\"column\",\"props\":{\"image_position\":\"center-center\",\"position_sticky_breakpoint\":\"m\"},\"children\":[{\"type\":\"headline\",\"props\":{\"content\":\"Letenky\",\"margin\":\"small\",\"text_align\":\"center\",\"title_color\":\"background\",\"title_element\":\"h1\",\"title_style\":\"heading-xlarge\"}},{\"type\":\"text\",\"props\":{\"block_align\":\"center\",\"column_breakpoint\":\"m\",\"content\":\"\n\n<p>Bez oh\\u013eadu na to, \\u010di cestujete za pr\\u00e1cou, dovolenkou alebo len tak,<br \\\/>radi v\\u00e1m pom\\u00f4\\u017eeme n\\u00e1js\\u0165 ide\\u00e1lny letov\\u00fd pl\\u00e1n.<\\\/p>\",\"margin\":\"\",\"maxwidth\":\"2xlarge\",\"text_align\":\"center\",\"text_style\":\"large\"}},{\"type\":\"image\",\"props\":{\"animation\":\"parallax\",\"css\":\".el-element { will-change: transform; }\",\"image\":\"wp-content\\\/uploads\\\/2022\\\/12\\\/airplane-on-the-track-at-sunset-time-2021-09-01-10-37-12-utc-scaled.jpg\",\"image_box_decoration\":\"primary\",\"image_loading\":true,\"image_svg_color\":\"emphasis\",\"image_width\":\"1200\",\"margin\":\"xlarge\",\"margin_remove_bottom\":true,\"parallax_easing\":\"0.5\",\"parallax_scale\":\"1,1.2\",\"parallax_start\":\"100%\",\"position\":\"relative\",\"position_z_index\":\"0\"}}]}]}],\"name\":\"Hero\"},{\"type\":\"section\",\"props\":{\"image_position\":\"center-center\",\"padding\":\"large\",\"padding_remove_bottom\":false,\"padding_remove_top\":false,\"style\":\"default\",\"title_breakpoint\":\"xl\",\"title_position\":\"top-left\",\"title_rotation\":\"left\",\"vertical_align\":\"middle\",\"width\":\"small\"},\"children\":[{\"type\":\"row\",\"children\":[{\"type\":\"column\",\"props\":{\"image_position\":\"center-center\",\"position_sticky_breakpoint\":\"m\"},\"children\":[{\"type\":\"headline\",\"props\":{\"content\":\"3 jednoduch\\u00e9 kroky <br class=\\\"uk-visible@s\\\">k va\\u0161im letenk\\u00e1m\",\"text_align\":\"center\",\"title_element\":\"h2\"}},{\"type\":\"grid\",\"props\":{\"content_column_breakpoint\":\"m\",\"filter_align\":\"left\",\"filter_all\":true,\"filter_grid_breakpoint\":\"m\",\"filter_grid_width\":\"auto\",\"filter_position\":\"top\",\"filter_style\":\"tab\",\"grid_column_gap\":\"small\",\"grid_default\":\"1\",\"grid_medium\":\"\",\"grid_small\":\"3\",\"icon_width\":80,\"image_align\":\"between\",\"image_grid_breakpoint\":\"m\",\"image_grid_width\":\"1-2\",\"image_height\":\"80\",\"image_margin\":\"medium\",\"image_svg_color\":\"emphasis\",\"image_width\":\"80\",\"item_animation\":true,\"link_margin\":\"medium\",\"link_style\":\"link-text\",\"link_text\":\"\",\"margin\":\"large\",\"margin_remove_bottom\":true,\"meta_align\":\"above-content\",\"meta_element\":\"h3\",\"meta_margin\":\"medium\",\"meta_style\":\"h5\",\"panel_link\":true,\"panel_padding\":\"default\",\"panel_style\":\"card-hover\",\"parallax_easing\":\"1\",\"position\":\"relative\",\"position_z_index\":\"1\",\"show_content\":true,\"show_image\":true,\"show_link\":true,\"show_meta\":true,\"show_title\":true,\"text_align\":\"center\",\"title_align\":\"top\",\"title_element\":\"div\",\"title_grid_breakpoint\":\"m\",\"title_grid_width\":\"1-2\",\"title_hover_style\":\"reset\",\"title_style\":\"h6\"},\"children\":[{\"type\":\"grid_item\",\"props\":{\"content\":\"Za\\u010d\\u00edname t\\u00fdm, \\u017ee si starostlivo vypo\\u010dujeme va\\u0161e po\\u017eiadavky a priania. Chceme vedie\\u0165, kedy chcete cestova\\u0165, kam chcete \\u00eds\\u0165 a ak\\u00fd typ letu preferujete.\",\"image\":\"wp-content\\\/uploads\\\/icon-join.svg\",\"link\":\"#\",\"meta\":\"Ozvite sa n\\u00e1m\",\"title\":\"1. krok\"}},{\"type\":\"grid_item\",\"props\":{\"content\":\"Na\\u0161i odborn\\u00edci pou\\u017eij\\u00fa svoje znalosti a techniky h\\u013eadania na n\\u00e1jdenie najlep\\u0161\\u00edch mo\\u017en\\u00fdch letov. H\\u013ead\\u00e1me optim\\u00e1lnu kombin\\u00e1ciu spolo\\u010dnost\\u00ed, tr\\u00e1s a ceny.\",\"image\":\"wp-content\\\/uploads\\\/icon-download.svg\",\"link\":\"#\",\"meta\":\"Na\\u0161e \\u010darovanie\",\"title\":\"2. krok\"}},{\"type\":\"grid_item\",\"props\":{\"content\":\"Predstav\\u00edme v\\u00e1m na\\u0161e n\\u00e1vrhy a diskutujeme o r\\u00f4znych mo\\u017enostiach. Sme tu, aby sme v\\u00e1m pomohli n\\u00e1js\\u0165 letov\\u00fd pl\\u00e1n, ktor\\u00fd maxim\\u00e1lne sp\\u013a\\u0148a va\\u0161e o\\u010dak\\u00e1vania.\",\"image\":\"wp-content\\\/uploads\\\/icon-video-calls.svg\",\"link\":\"#\",\"meta\":\"Konzult\\u00e1cia\",\"title\":\"3. krok\"}}]}]}]}],\"name\":\"How It Works\"},{\"type\":\"section\",\"props\":{\"image\":\"wp-content\\\/uploads\\\/2022\\\/11\\\/airgroup_logo_2-01.svg\",\"image_height\":\"20vh\",\"image_position\":\"bottom-right\",\"image_size\":\"contain\",\"media_overlay\":\"rgba(244, 247, 250, 0.95)\",\"padding_remove_bottom\":false,\"padding_remove_top\":false,\"style\":\"muted\",\"title_breakpoint\":\"xl\",\"title_position\":\"top-left\",\"title_rotation\":\"left\",\"vertical_align\":\"middle\",\"width\":\"default\"},\"children\":[{\"type\":\"row\",\"props\":{\"column_gap\":\"small\",\"match\":true,\"row_gap\":\"small\"},\"children\":[{\"type\":\"column\",\"props\":{\"image_position\":\"center-center\",\"position_sticky_breakpoint\":\"m\"},\"children\":[{\"type\":\"headline\",\"props\":{\"content\":\"V\\u00fdhodn\\u00e9 letenky\",\"margin_remove_bottom\":true,\"text_align\":\"center\",\"title_color\":\"background\",\"title_element\":\"h2\",\"title_style\":\"heading-small\"}},{\"type\":\"headline\",\"props\":{\"content\":\"od v\\u0161etk\\u00fdch v\\u00fdznamn\\u00fdch leteck\\u00fdch spolo\\u010dnost\\u00ed.\",\"margin\":\"large\",\"margin_remove_top\":true,\"text_align\":\"center\",\"title_color\":\"primary\",\"title_element\":\"h3\",\"title_style\":\"h5\"}},{\"type\":\"grid\",\"props\":{\"content_column_breakpoint\":\"m\",\"filter_align\":\"left\",\"filter_all\":true,\"filter_grid_breakpoint\":\"m\",\"filter_grid_width\":\"auto\",\"filter_position\":\"top\",\"filter_style\":\"tab\",\"grid_column_align\":true,\"grid_column_gap\":\"small\",\"grid_default\":\"3\",\"grid_medium\":\"\",\"grid_row_align\":true,\"grid_row_gap\":\"small\",\"grid_small\":\"auto\",\"icon_width\":80,\"image_align\":\"top\",\"image_grid_breakpoint\":\"m\",\"image_grid_width\":\"1-2\",\"image_height\":\"44\",\"image_loading\":true,\"image_svg_color\":\"emphasis\",\"item_animation\":true,\"link_style\":\"default\",\"link_text\":\"Read more\",\"margin\":\"default\",\"meta_align\":\"below-title\",\"meta_element\":\"div\",\"meta_style\":\"text-meta\",\"show_content\":true,\"show_image\":true,\"show_link\":true,\"show_meta\":true,\"show_title\":false,\"text_align\":\"center\",\"title_align\":\"top\",\"title_element\":\"h3\",\"title_grid_breakpoint\":\"m\",\"title_grid_width\":\"1-2\",\"title_hover_style\":\"reset\"},\"children\":[{\"type\":\"grid_item\",\"props\":{\"image\":\"wp-content\\\/uploads\\\/2022\\\/12\\\/airlines_lufthansa.png\",\"title\":\"airlines_lufthansa\"}},{\"type\":\"grid_item\",\"props\":{\"image\":\"wp-content\\\/uploads\\\/2022\\\/12\\\/airlines_turkish.png\",\"title\":\"airlines_turkish\"}},{\"type\":\"grid_item\",\"props\":{\"image\":\"wp-content\\\/uploads\\\/2022\\\/12\\\/airlines_qatar.png\",\"title\":\"airlines_qatar\"}},{\"type\":\"grid_item\",\"props\":{\"image\":\"wp-content\\\/uploads\\\/2022\\\/12\\\/airlines_emirates.png\",\"title\":\"airlines_emirates\"}},{\"type\":\"grid_item\",\"props\":{\"image\":\"wp-content\\\/uploads\\\/2022\\\/12\\\/airlines_united.png\",\"title\":\"airlines_united\"}},{\"type\":\"grid_item\",\"props\":{\"image\":\"wp-content\\\/uploads\\\/2022\\\/12\\\/airlines_austrian.png\",\"title\":\"airlines_austrian\"}},{\"type\":\"grid_item\",\"props\":{\"image\":\"wp-content\\\/uploads\\\/2022\\\/12\\\/airlines_qantas.png\",\"title\":\"airlines_qantas\"}},{\"type\":\"grid_item\",\"props\":{\"image\":\"wp-content\\\/uploads\\\/2022\\\/12\\\/airlines_american.png\",\"title\":\"airlines_american\"}},{\"type\":\"grid_item\",\"props\":{\"image\":\"wp-content\\\/uploads\\\/2022\\\/12\\\/airlines_france.png\",\"title\":\"airlines_france\"}},{\"type\":\"grid_item\",\"props\":{\"image\":\"wp-content\\\/uploads\\\/2022\\\/12\\\/airlines_delta.png\",\"title\":\"airlines_delta\"}},{\"type\":\"grid_item\",\"props\":{\"image\":\"wp-content\\\/uploads\\\/2022\\\/12\\\/airlines_swiss.png\",\"title\":\"airlines_swiss\"}},{\"type\":\"grid_item\",\"props\":{\"image\":\"wp-content\\\/uploads\\\/2022\\\/12\\\/airlines_etihad.png\",\"title\":\"airlines_etihad\"}},{\"type\":\"grid_item\",\"props\":{\"image\":\"wp-content\\\/uploads\\\/2022\\\/12\\\/airlines_eva.png\",\"title\":\"airlines_eva\"}},{\"type\":\"grid_item\",\"props\":{\"image\":\"wp-content\\\/uploads\\\/2022\\\/12\\\/airlines_tap.png\",\"title\":\"airlines_tap\"}},{\"type\":\"grid_item\",\"props\":{\"image\":\"wp-content\\\/uploads\\\/2022\\\/12\\\/airlines_canada.png\",\"title\":\"airlines_canada\"}},{\"type\":\"grid_item\",\"props\":{\"image\":\"wp-content\\\/uploads\\\/2022\\\/12\\\/airlines_malta.png\",\"title\":\"airlines_malta\"}},{\"type\":\"grid_item\",\"props\":{\"image\":\"wp-content\\\/uploads\\\/2022\\\/12\\\/airlines_airchina.png\",\"title\":\"airlines_airchina\"}},{\"type\":\"grid_item\",\"props\":{\"image\":\"wp-content\\\/uploads\\\/2022\\\/12\\\/airlines_newzeland.png\",\"title\":\"airlines_newzeland\"}},{\"type\":\"grid_item\",\"props\":{\"image\":\"wp-content\\\/uploads\\\/2022\\\/12\\\/airlines_airasia.png\",\"title\":\"airlines_airasia\"}},{\"type\":\"grid_item\",\"props\":{\"image\":\"wp-content\\\/uploads\\\/2022\\\/12\\\/airlines_alitalia.png\",\"title\":\"airlines_alitalia\"}},{\"type\":\"grid_item\",\"props\":{\"image\":\"wp-content\\\/uploads\\\/2022\\\/12\\\/airlines_british.png\",\"title\":\"airlines_british\"}},{\"type\":\"grid_item\",\"props\":{\"image\":\"wp-content\\\/uploads\\\/2022\\\/12\\\/airlines_ryanair.png\",\"title\":\"airlines_ryanair\"}},{\"type\":\"grid_item\",\"props\":{\"image\":\"wp-content\\\/uploads\\\/2022\\\/12\\\/airlines_china.png\",\"title\":\"airlines_china\"}},{\"type\":\"grid_item\",\"props\":{\"image\":\"wp-content\\\/uploads\\\/2022\\\/12\\\/airlines_brussels.png\",\"title\":\"airlines_brussels\"}},{\"type\":\"grid_item\",\"props\":{\"image\":\"wp-content\\\/uploads\\\/2022\\\/12\\\/airlines_wizz.png\",\"title\":\"airlines_wizz\"}},{\"type\":\"grid_item\",\"props\":{\"image\":\"wp-content\\\/uploads\\\/2022\\\/12\\\/airlines_china2.png\",\"title\":\"airlines_china2\"}},{\"type\":\"grid_item\",\"props\":{\"image\":\"wp-content\\\/uploads\\\/2022\\\/12\\\/airlines_czech.png\",\"title\":\"airlines_czech\"}},{\"type\":\"grid_item\",\"props\":{\"image\":\"wp-content\\\/uploads\\\/2022\\\/12\\\/airlines_easyjet.png\",\"title\":\"airlines_easyjet\"}},{\"type\":\"grid_item\",\"props\":{\"image\":\"wp-content\\\/uploads\\\/2022\\\/12\\\/airlines_eurowings.png\",\"title\":\"airlines_eurowings\"}},{\"type\":\"grid_item\",\"props\":{\"image\":\"wp-content\\\/uploads\\\/2022\\\/12\\\/airlines_aeroflot.png\",\"title\":\"airlines_aeroflot\"}},{\"type\":\"grid_item\",\"props\":{\"image\":\"wp-content\\\/uploads\\\/2022\\\/12\\\/airlines_finnair.png\",\"title\":\"airlines_finnair\"}},{\"type\":\"grid_item\",\"props\":{\"image\":\"wp-content\\\/uploads\\\/2022\\\/12\\\/airlines_iberia.png\",\"title\":\"airlines_iberia\"}},{\"type\":\"grid_item\",\"props\":{\"image\":\"wp-content\\\/uploads\\\/2022\\\/12\\\/airlines_hawaiian.png\",\"title\":\"airlines_hawaiian\"}},{\"type\":\"grid_item\",\"props\":{\"image\":\"wp-content\\\/uploads\\\/2022\\\/12\\\/airlines_japan.png\",\"title\":\"airlines_japan\"}},{\"type\":\"grid_item\",\"props\":{\"image\":\"wp-content\\\/uploads\\\/2022\\\/12\\\/airlines_icelandair.png\",\"title\":\"airlines_icelandair\"}},{\"type\":\"grid_item\",\"props\":{\"image\":\"wp-content\\\/uploads\\\/2022\\\/12\\\/airlines_lauda.png\",\"title\":\"airlines_lauda\"}},{\"type\":\"grid_item\",\"props\":{\"image\":\"wp-content\\\/uploads\\\/2022\\\/12\\\/airlines_klm.png\",\"title\":\"airlines_klm\"}},{\"type\":\"grid_item\",\"props\":{\"image\":\"wp-content\\\/uploads\\\/2022\\\/12\\\/airlines_korean.png\",\"title\":\"airlines_korean\"}},{\"type\":\"grid_item\",\"props\":{\"image\":\"wp-content\\\/uploads\\\/2022\\\/12\\\/airlines_alaska.png\",\"title\":\"airlines_alaska\"}},{\"type\":\"grid_item\",\"props\":{\"image\":\"wp-content\\\/uploads\\\/2022\\\/12\\\/airlines_vueling.png\",\"title\":\"airlines_vueling\"}},{\"type\":\"grid_item\",\"props\":{\"image\":\"wp-content\\\/uploads\\\/2022\\\/12\\\/airlines_lot.png\",\"title\":\"airlines_lot\"}},{\"type\":\"grid_item\",\"props\":{\"image\":\"wp-content\\\/uploads\\\/2022\\\/12\\\/airlines_malaysia.png\",\"title\":\"airlines_malaysia\"}},{\"type\":\"grid_item\",\"props\":{\"image\":\"wp-content\\\/uploads\\\/2022\\\/12\\\/airlines_norwegian.png\",\"title\":\"airlines_norwegian\"}},{\"type\":\"grid_item\",\"props\":{\"image\":\"wp-content\\\/uploads\\\/2022\\\/12\\\/airlines_southwest.png\",\"title\":\"airlines_southwest\"}},{\"type\":\"grid_item\",\"props\":{\"image\":\"wp-content\\\/uploads\\\/2022\\\/12\\\/airlines_singapore.png\",\"title\":\"airlines_singapore\"}}]}]}]}],\"name\":\"Leteck\\u00e9 spolo\\u010dnosti\"},{\"type\":\"section\",\"props\":{\"height\":\"expand\",\"image\":\"wp-content\\\/uploads\\\/2022\\\/12\\\/miniature-toy-airplane-travel-accessories-and-pap-2022-07-21-12-38-36-utc.png\",\"image_position\":\"center-left\",\"image_size\":\"height-1-1\",\"media_visibility\":\"m\",\"padding\":\"xlarge\",\"padding_remove_bottom\":false,\"padding_remove_top\":false,\"style\":\"primary\",\"title_breakpoint\":\"xl\",\"title_position\":\"top-left\",\"title_rotation\":\"left\",\"vertical_align\":\"middle\",\"width\":\"\"},\"children\":[{\"type\":\"row\",\"props\":{\"column_gap\":\"small\",\"layout\":\"1-2,1-2\",\"match\":true,\"row_gap\":\"small\",\"width\":\"default\"},\"children\":[{\"type\":\"column\",\"props\":{\"image_position\":\"center-center\",\"position_sticky_breakpoint\":\"m\",\"width_medium\":\"1-2\"}},{\"type\":\"column\",\"props\":{\"image_position\":\"center-center\",\"position_sticky_breakpoint\":\"m\",\"width_medium\":\"1-2\"},\"children\":[{\"type\":\"headline\",\"props\":{\"content\":\"Sme tu pre V\\u00e1s\",\"title_element\":\"h1\"}},{\"type\":\"text\",\"props\":{\"column_breakpoint\":\"m\",\"content\":\"Zabudnite na stresuj\\u00face h\\u013eadanie letov a nekone\\u010dn\\u00e9 porovn\\u00e1vanie mo\\u017enost\\u00ed. D\\u00f4verte na\\u0161im odborn\\u00edkom a u\\u017eite si pohodln\\u00fa a hladk\\u00fa cestu. Kontaktujte n\\u00e1s dnes a dajte n\\u00e1m vedie\\u0165, ak\\u00fd je v\\u00e1\\u0161 ide\\u00e1lny letov\\u00fd pl\\u00e1n. Va\\u0161e cestovanie by malo by\\u0165 rados\\u0165ou, a my sme tu preto, aby sme v\\u00e1m to umo\\u017enili.\",\"margin\":\"default\",\"text_style\":\"large\"}}]}]}],\"name\":\"Features\"}],\"version\":\"4.1.5\",\"yooessentialsVersion\":\"2.0.18\"} --><\/p>\n","protected":false},"excerpt":{"rendered":"<p>Letenky Bez oh\u013eadu na to, \u010di cestujete za pr\u00e1cou, dovolenkou alebo len tak,radi v\u00e1m pom\u00f4\u017eeme n\u00e1js\u0165 ide\u00e1lny letov\u00fd pl\u00e1n. 3 jednoduch\u00e9 kroky k va\u0161im letenk\u00e1m 1. krok Ozvite sa n\u00e1m Za\u010d\u00edname t\u00fdm, \u017ee si starostlivo vypo\u010dujeme va\u0161e po\u017eiadavky a priania. Chceme vedie\u0165, kedy chcete cestova\u0165, kam chcete \u00eds\u0165 a ak\u00fd typ letu preferujete. 2. krok [&hellip;]<\/p>\n","protected":false},"author":1,"featured_media":0,"parent":0,"menu_order":0,"comment_status":"closed","ping_status":"closed","template":"","meta":{"footnotes":""},"class_list":["post-11","page","type-page","status-publish","hentry"],"_links":{"self":[{"href":"https:\/\/airgroup.sk\/sk\/wp-json\/wp\/v2\/pages\/11","targetHints":{"allow":["GET"]}}],"collection":[{"href":"https:\/\/airgroup.sk\/sk\/wp-json\/wp\/v2\/pages"}],"about":[{"href":"https:\/\/airgroup.sk\/sk\/wp-json\/wp\/v2\/types\/page"}],"author":[{"embeddable":true,"href":"https:\/\/airgroup.sk\/sk\/wp-json\/wp\/v2\/users\/1"}],"replies":[{"embeddable":true,"href":"https:\/\/airgroup.sk\/sk\/wp-json\/wp\/v2\/comments?post=11"}],"version-history":[{"count":15,"href":"https:\/\/airgroup.sk\/sk\/wp-json\/wp\/v2\/pages\/11\/revisions"}],"predecessor-version":[{"id":445,"href":"https:\/\/airgroup.sk\/sk\/wp-json\/wp\/v2\/pages\/11\/revisions\/445"}],"wp:attachment":[{"href":"https:\/\/airgroup.sk\/sk\/wp-json\/wp\/v2\/media?parent=11"}],"curies":[{"name":"wp","href":"https:\/\/api.w.org\/{rel}","templated":true}]}}